
{"id":56,"date":"2025-04-06T06:32:54","date_gmt":"2025-04-06T06:32:54","guid":{"rendered":"https:\/\/wp.favdevs.net\/renev\/?page_id=56"},"modified":"2025-12-20T23:57:09","modified_gmt":"2025-12-20T22:57:09","slug":"service","status":"publish","type":"page","link":"https:\/\/sitekit.site\/ar\/service\/","title":{"rendered":"Mes services"},"content":{"rendered":"<div data-elementor-type=\"wp-page\" data-elementor-id=\"56\" class=\"elementor elementor-56\" data-elementor-post-type=\"page\">\n\t\t\t\t<div class=\"elementor-element elementor-element-47aa98d e-con-full e-flex e-con e-parent\" data-id=\"47aa98d\" data-element_type=\"container\">\n\t\t\t\t<div class=\"elementor-element elementor-element-0537583 elementor-widget elementor-widget-renev_text_slider\" data-id=\"0537583\" data-element_type=\"widget\" data-widget_type=\"renev_text_slider.default\">\n\t\t\t\t<div class=\"elementor-widget-container\">\n\t\t\t\t\t\r\n<div class=\"slider1-section-area\">\r\n    <div class=\"marquee-wrap\">\r\n        <div class=\"marquee-text\">\r\n                                                <div class=\"brand-single-box\">\r\n                        <h3>\r\n                            SEO local \r\n                            <img type=\"image\/webp\"  alt=\"\" class=\"lws-optimize-lazyload\" data-src=\"https:\/\/sitekit.site\/wp-content\/uploads\/2025\/04\/h1-text-slider-icon.png\">\r\n                        <\/h3>\r\n                    <\/div>\r\n                                                                <div class=\"brand-single-box\">\r\n                        <h3>\r\n                            Site vitrine \r\n                            <img type=\"image\/webp\"  alt=\"\" class=\"lws-optimize-lazyload\" data-src=\"https:\/\/sitekit.site\/wp-content\/uploads\/2025\/04\/icon_color_trans.png\">\r\n                        <\/h3>\r\n                    <\/div>\r\n                                                                <div class=\"brand-single-box\">\r\n                        <h3>\r\n                            medecins \r\n                            <img type=\"image\/webp\"  alt=\"\" class=\"lws-optimize-lazyload\" data-src=\"https:\/\/sitekit.site\/wp-content\/uploads\/2025\/04\/icon_color_trans.png\">\r\n                        <\/h3>\r\n                    <\/div>\r\n                                                                <div class=\"brand-single-box\">\r\n                        <h3>\r\n                            cliniques \r\n                            <img type=\"image\/webp\"  alt=\"\" class=\"lws-optimize-lazyload\" data-src=\"https:\/\/sitekit.site\/wp-content\/uploads\/2025\/04\/icon_color_trans.png\">\r\n                        <\/h3>\r\n                    <\/div>\r\n                                                                <div class=\"brand-single-box\">\r\n                        <h3>\r\n                            avocats \r\n                            <img type=\"image\/webp\"  alt=\"\" class=\"lws-optimize-lazyload\" data-src=\"https:\/\/sitekit.site\/wp-content\/uploads\/2025\/04\/icon_color_trans.png\">\r\n                        <\/h3>\r\n                    <\/div>\r\n                                                                <div class=\"brand-single-box\">\r\n                        <h3>\r\n                            architectes \r\n                            <img type=\"image\/webp\"  alt=\"\" class=\"lws-optimize-lazyload\" data-src=\"https:\/\/sitekit.site\/wp-content\/uploads\/2025\/04\/icon_color_trans.png\">\r\n                        <\/h3>\r\n                    <\/div>\r\n                                                                <div class=\"brand-single-box\">\r\n                        <h3>\r\n                            prise de rdv \r\n                            <img type=\"image\/webp\"  alt=\"\" class=\"lws-optimize-lazyload\" data-src=\"https:\/\/sitekit.site\/wp-content\/uploads\/2025\/04\/icon_color_trans.png\">\r\n                        <\/h3>\r\n                    <\/div>\r\n                                                                <div class=\"brand-single-box\">\r\n                        <h3>\r\n                            caf\u00e9s \r\n                            <img type=\"image\/webp\"  alt=\"\" class=\"lws-optimize-lazyload\" data-src=\"https:\/\/sitekit.site\/wp-content\/uploads\/2025\/04\/icon_color_trans.png\">\r\n                        <\/h3>\r\n                    <\/div>\r\n                                                                <div class=\"brand-single-box\">\r\n                        <h3>\r\n                            restaurants \r\n                            <img type=\"image\/webp\"  alt=\"\" class=\"lws-optimize-lazyload\" data-src=\"https:\/\/sitekit.site\/wp-content\/uploads\/2025\/04\/icon_color_trans.png\">\r\n                        <\/h3>\r\n                    <\/div>\r\n                                                                <div class=\"brand-single-box\">\r\n                        <h3>\r\n                            artisans \r\n                            <img type=\"image\/webp\"  alt=\"\" class=\"lws-optimize-lazyload\" data-src=\"https:\/\/sitekit.site\/wp-content\/uploads\/2025\/04\/icon_color_trans.png\">\r\n                        <\/h3>\r\n                    <\/div>\r\n                                                                <div class=\"brand-single-box\">\r\n                        <h3>\r\n                            landing page \r\n                            <img type=\"image\/webp\"  alt=\"\" class=\"lws-optimize-lazyload\" data-src=\"https:\/\/sitekit.site\/wp-content\/uploads\/2025\/04\/icon_color_trans.png\">\r\n                        <\/h3>\r\n                    <\/div>\r\n                                                                <div class=\"brand-single-box\">\r\n                        <h3>\r\n                            version mobile \r\n                            <img type=\"image\/webp\"  alt=\"\" class=\"lws-optimize-lazyload\" data-src=\"https:\/\/sitekit.site\/wp-content\/uploads\/2025\/04\/icon_color_trans.png\">\r\n                        <\/h3>\r\n                    <\/div>\r\n                                                                <div class=\"brand-single-box\">\r\n                        <h3>\r\n                            E-commerce \r\n                            <img type=\"image\/webp\"  alt=\"\" class=\"lws-optimize-lazyload\" data-src=\"https:\/\/sitekit.site\/wp-content\/uploads\/2025\/04\/icon_color_trans.png\">\r\n                        <\/h3>\r\n                    <\/div>\r\n                                                                <div class=\"brand-single-box\">\r\n                        <h3>\r\n                            Website Design \r\n                            <img type=\"image\/webp\"  alt=\"\" class=\"lws-optimize-lazyload\" data-src=\"https:\/\/sitekit.site\/wp-content\/uploads\/2025\/04\/icon_color_trans.png\">\r\n                        <\/h3>\r\n                    <\/div>\r\n                                                                <div class=\"brand-single-box\">\r\n                        <h3>\r\n                            Responsive \r\n                            <img type=\"image\/webp\"  alt=\"\" class=\"lws-optimize-lazyload\" data-src=\"https:\/\/sitekit.site\/wp-content\/uploads\/2025\/04\/icon_color_trans.png\">\r\n                        <\/h3>\r\n                    <\/div>\r\n                                    <\/div>\r\n    <\/div>\r\n<\/div>\r\n\t\t\t\t<\/div>\n\t\t\t\t<\/div>\n\t\t\t\t<\/div>\n\t\t<div class=\"elementor-element elementor-element-d57c0f8 e-flex e-con-boxed e-con e-parent\" data-id=\"d57c0f8\" data-element_type=\"container\" data-settings=\"{&quot;background_background&quot;:&quot;classic&quot;}\">\n\t\t\t\t\t<div class=\"e-con-inner\">\n\t\t<div class=\"elementor-element elementor-element-6f3b72a e-con-full e-flex e-con e-child\" data-id=\"6f3b72a\" data-element_type=\"container\" data-settings=\"{&quot;background_background&quot;:&quot;classic&quot;}\">\n\t\t<div class=\"elementor-element elementor-element-d7f6952 e-con-full e-flex e-con e-child\" data-id=\"d7f6952\" data-element_type=\"container\">\n\t\t<div class=\"elementor-element elementor-element-17f0c35 e-con-full e-flex e-con e-child\" data-id=\"17f0c35\" data-element_type=\"container\">\n\t\t\t\t<div class=\"elementor-element elementor-element-8ec3429 elementor-widget elementor-widget-renev_heading\" data-id=\"8ec3429\" data-element_type=\"widget\" data-widget_type=\"renev_heading.default\">\n\t\t\t\t<div class=\"elementor-widget-container\">\n\t\t\t\t\t            <div class=\"heading1\">\r\n                                    <h5>\r\n                        <img type=\"image\/webp\"  alt=\"\" class=\"lws-optimize-lazyload\" data-src=\"https:\/\/sitekit.site\/wp-content\/uploads\/2025\/04\/icon_color_trans.png\">\r\n                        Mes services                    <\/h5>\r\n                \r\n                                    <h2 class=\"text-anime-style-3\">\r\n                        Des solutions cr\u00e9atives<br>adapt\u00e9es \u00e0 votre projet                    <\/h2>\r\n                            <\/div>\r\n        \t\t\t\t<\/div>\n\t\t\t\t<\/div>\n\t\t\t\t<\/div>\n\t\t<div class=\"elementor-element elementor-element-0ecab72 e-con-full e-flex e-con e-child\" data-id=\"0ecab72\" data-element_type=\"container\">\n\t\t\t\t<div class=\"elementor-element elementor-element-d5a540a elementor-widget elementor-widget-renev_service_post\" data-id=\"d5a540a\" data-element_type=\"widget\" data-widget_type=\"renev_service_post.default\">\n\t\t\t\t<div class=\"elementor-widget-container\">\n\t\t\t\t\t            <div class=\"row\">\r\n    <div class=\"col-lg-5\">\r\n        <div class=\"image-container\">\r\n                               <div class=\"image active\" id=\"image1\">\r\n                        <img  alt=\"E-Commerce &#038; Boutique en Ligne\" class=\"service-img5 lws-optimize-lazyload\" data-src=\"https:\/\/sitekit.site\/wp-content\/uploads\/2025\/04\/service-img6_lwsoptimized.webp\">\r\n                        <img type=\"image\/webp\"  alt=\"\" class=\"shape lws-optimize-lazyload\" data-src=\"https:\/\/sitekit.site\/wp-content\/uploads\/2025\/04\/elements10.png\">\r\n                    <\/div>\r\n\r\n                                   <div class=\"image\" id=\"image2\">\r\n                        <img  alt=\"Cr\u00e9ation de Landing Page Performante\" class=\"service-img5 lws-optimize-lazyload\" data-src=\"https:\/\/sitekit.site\/wp-content\/uploads\/2025\/12\/landingtrans_lwsoptimized.webp\">\r\n                        <img type=\"image\/webp\"  alt=\"\" class=\"shape lws-optimize-lazyload\" data-src=\"https:\/\/sitekit.site\/wp-content\/uploads\/2025\/04\/elements10.png\">\r\n                    <\/div>\r\n\r\n                                   <div class=\"image\" id=\"image3\">\r\n                        <img  alt=\"Cr\u00e9ation de Site Vitrine Professionnel pour D\u00e9velopper Votre Activit\u00e9\" class=\"service-img5 lws-optimize-lazyload\" data-src=\"https:\/\/sitekit.site\/wp-content\/uploads\/2025\/04\/service-img8_lwsoptimized.webp\">\r\n                        <img type=\"image\/webp\"  alt=\"\" class=\"shape lws-optimize-lazyload\" data-src=\"https:\/\/sitekit.site\/wp-content\/uploads\/2025\/04\/elements10.png\">\r\n                    <\/div>\r\n\r\n                                   <div class=\"image\" id=\"image4\">\r\n                        <img  alt=\"Maintenance Site Web, S\u00e9curit\u00e9 &#038; Performance\" class=\"service-img5 lws-optimize-lazyload\" data-src=\"https:\/\/sitekit.site\/wp-content\/uploads\/2025\/04\/service-img5_lwsoptimized.webp\">\r\n                        <img type=\"image\/webp\"  alt=\"\" class=\"shape lws-optimize-lazyload\" data-src=\"https:\/\/sitekit.site\/wp-content\/uploads\/2025\/04\/elements10.png\">\r\n                    <\/div>\r\n\r\n                        <\/div>\r\n    <\/div>\r\n\r\n    <div class=\"col-lg-7\">\r\n        <div class=\"list-container\">\r\n            <ul>\r\n                                        <li data-image=\"image1\">\r\n                            <div class=\"side-heading\">\r\n                                <div class=\"heading-area\">\r\n                                    <a href=\"https:\/\/sitekit.site\/ar\/services\/e-commerce-boutique-en-ligne\/\">\r\n                                        E-Commerce &#038; Boutique en Ligne                                    <\/a>\r\n                                    <p>Cr\u00e9ation de site e-commerce sur mesure, rapide et s\u00e9curis\u00e9. Paiement en ligne, gestion de stock et version mobile pour vendre 24\/7.<\/p>\n                                <\/div>\r\n                                <div class=\"arrow\">\r\n                                    <a href=\"https:\/\/sitekit.site\/ar\/services\/e-commerce-boutique-en-ligne\/\">\r\n                                        <svg xmlns=\"http:\/\/www.w3.org\/2000\/svg\" width=\"44\" height=\"44\" viewbox=\"0 0 44 44\" fill=\"none\"><path d=\"M9.16724 34.8311L31.1672 12.8311\" stroke=\"#FEFE1F\" stroke-width=\"3\" stroke-linecap=\"round\" stroke-linejoin=\"round\"><\/path><path d=\"M13.2922 12.8311H31.1672V30.7061\" stroke=\"#FEFE1F\" stroke-width=\"3\" stroke-linecap=\"round\" stroke-linejoin=\"round\"><\/path><\/svg>                                    <\/a>\r\n                                <\/div>\r\n                            <\/div>\r\n                        <\/li>\r\n                                            <li data-image=\"image2\">\r\n                            <div class=\"side-heading\">\r\n                                <div class=\"heading-area\">\r\n                                    <a href=\"https:\/\/sitekit.site\/ar\/services\/creation-landing-page-performante\/\">\r\n                                        Cr\u00e9ation de Landing Page Performante                                    <\/a>\r\n                                    <p>Cr\u00e9ation de landing page rapide et optimis\u00e9e pour la publicit\u00e9. Convertissez vos visiteurs en clients gr\u00e2ce \u00e0 une page pens\u00e9e pour vendre.<\/p>\n                                <\/div>\r\n                                <div class=\"arrow\">\r\n                                    <a href=\"https:\/\/sitekit.site\/ar\/services\/creation-landing-page-performante\/\">\r\n                                        <svg xmlns=\"http:\/\/www.w3.org\/2000\/svg\" width=\"44\" height=\"44\" viewbox=\"0 0 44 44\" fill=\"none\"><path d=\"M9.16724 34.8311L31.1672 12.8311\" stroke=\"#FEFE1F\" stroke-width=\"3\" stroke-linecap=\"round\" stroke-linejoin=\"round\"><\/path><path d=\"M13.2922 12.8311H31.1672V30.7061\" stroke=\"#FEFE1F\" stroke-width=\"3\" stroke-linecap=\"round\" stroke-linejoin=\"round\"><\/path><\/svg>                                    <\/a>\r\n                                <\/div>\r\n                            <\/div>\r\n                        <\/li>\r\n                                            <li data-image=\"image3\">\r\n                            <div class=\"side-heading\">\r\n                                <div class=\"heading-area\">\r\n                                    <a href=\"https:\/\/sitekit.site\/ar\/services\/site-vitrine-professionnel\/\">\r\n                                        Cr\u00e9ation de Site Vitrine Professionnel pour D\u00e9velopper Votre Activit\u00e9                                    <\/a>\r\n                                    <p>Cr\u00e9ation de site vitrine moderne, responsive et optimis\u00e9 SEO. Pr\u00e9sentez vos services, rassurez vos clients et g\u00e9n\u00e9rez des contacts facilement<\/p>\n                                <\/div>\r\n                                <div class=\"arrow\">\r\n                                    <a href=\"https:\/\/sitekit.site\/ar\/services\/site-vitrine-professionnel\/\">\r\n                                        <svg xmlns=\"http:\/\/www.w3.org\/2000\/svg\" width=\"44\" height=\"44\" viewbox=\"0 0 44 44\" fill=\"none\"><path d=\"M9.16724 34.8311L31.1672 12.8311\" stroke=\"#FEFE1F\" stroke-width=\"3\" stroke-linecap=\"round\" stroke-linejoin=\"round\"><\/path><path d=\"M13.2922 12.8311H31.1672V30.7061\" stroke=\"#FEFE1F\" stroke-width=\"3\" stroke-linecap=\"round\" stroke-linejoin=\"round\"><\/path><\/svg>                                    <\/a>\r\n                                <\/div>\r\n                            <\/div>\r\n                        <\/li>\r\n                                            <li data-image=\"image4\">\r\n                            <div class=\"side-heading\">\r\n                                <div class=\"heading-area\">\r\n                                    <a href=\"https:\/\/sitekit.site\/ar\/services\/maintenance-site-web-securite-performance\/\">\r\n                                        Maintenance Site Web, S\u00e9curit\u00e9 &#038; Performance                                    <\/a>\r\n                                    <p>Maintenance de site web compl\u00e8te : mises \u00e0 jour, s\u00e9curit\u00e9, sauvegardes et optimisation de la vitesse pour un site fiable et performant.<\/p>\n                                <\/div>\r\n                                <div class=\"arrow\">\r\n                                    <a href=\"https:\/\/sitekit.site\/ar\/services\/maintenance-site-web-securite-performance\/\">\r\n                                        <svg xmlns=\"http:\/\/www.w3.org\/2000\/svg\" width=\"44\" height=\"44\" viewbox=\"0 0 44 44\" fill=\"none\"><path d=\"M9.16724 34.8311L31.1672 12.8311\" stroke=\"#FEFE1F\" stroke-width=\"3\" stroke-linecap=\"round\" stroke-linejoin=\"round\"><\/path><path d=\"M13.2922 12.8311H31.1672V30.7061\" stroke=\"#FEFE1F\" stroke-width=\"3\" stroke-linecap=\"round\" stroke-linejoin=\"round\"><\/path><\/svg>                                    <\/a>\r\n                                <\/div>\r\n                            <\/div>\r\n                        <\/li>\r\n                                <\/ul>\r\n        <\/div>\r\n    <\/div>\r\n<\/div>\r\n \r\n        \t\t\t\t<\/div>\n\t\t\t\t<\/div>\n\t\t\t\t<\/div>\n\t\t\t\t<\/div>\n\t\t\t\t<\/div>\n\t\t<div class=\"elementor-element elementor-element-20378b8 e-con-full e-flex e-con e-child\" data-id=\"20378b8\" data-element_type=\"container\">\n\t\t<div class=\"elementor-element elementor-element-b62ffef e-con-full e-flex e-con e-child\" data-id=\"b62ffef\" data-element_type=\"container\">\n\t\t\t\t<div class=\"elementor-element elementor-element-9ca6318 elementor-widget elementor-widget-renev_service_post\" data-id=\"9ca6318\" data-element_type=\"widget\" data-widget_type=\"renev_service_post.default\">\n\t\t\t\t<div class=\"elementor-widget-container\">\n\t\t\t\t\t            <div class=\"row\">\r\n    <div class=\"col-lg-12\">\r\n            <\/div>\r\n<\/div>\r\n \r\n        \t\t\t\t<\/div>\n\t\t\t\t<\/div>\n\t\t<div class=\"elementor-element elementor-element-b44b462 e-con-full e-flex e-con e-child\" data-id=\"b44b462\" data-element_type=\"container\">\n\t\t\t\t<div class=\"elementor-element elementor-element-c67248a elementor-widget elementor-widget-renev-button\" data-id=\"c67248a\" data-element_type=\"widget\" data-widget_type=\"renev-button.default\">\n\t\t\t\t<div class=\"elementor-widget-container\">\n\t\t\t\t\t            \r\n<div class=\"started-btn\">\r\n    <img class=\"keyframe5 lws-optimize-lazyload\"  alt=\"\" data-src=\"https:\/\/sitekit.site\/wp-content\/uploads\/2025\/04\/Polygon-3.svg\">\r\n    <a href=\"https:\/\/sitekit.site\/ar\/contactez-moi\/\" \r\n         \r\n        >\r\n        <span>\r\n            <i class=\"fa-solid fa-arrow-right\"><\/i>\r\n        <\/span>\r\n    <\/a>\r\n    <div class=\"space10\"><\/div>\r\n    <a href=\"https:\/\/sitekit.site\/ar\/contactez-moi\/\" \r\n         \r\n        >\r\n        Contactez moi    <\/a>\r\n<\/div>\r\n\r\n\r\n \r\n        \t\t\t\t<\/div>\n\t\t\t\t<\/div>\n\t\t\t\t<\/div>\n\t\t\t\t<\/div>\n\t\t\t\t<\/div>\n\t\t\t\t<div class=\"elementor-element elementor-element-fabc9fa elementor-absolute elementor-widget elementor-widget-image\" data-id=\"fabc9fa\" data-element_type=\"widget\" data-settings=\"{&quot;_position&quot;:&quot;absolute&quot;}\" data-widget_type=\"image.default\">\n\t\t\t\t\t\t\t\t\t\t\t\t\t\t\t<img fetchpriority=\"high\" width=\"320\" height=\"1024\"  class=\"attachment-large size-large wp-image-2408 lws-optimize-lazyload\" alt=\"\" srcset=\"https:\/\/sitekit.site\/wp-content\/uploads\/2025\/04\/h3-services-shape-bg-1_lwsoptimized-320x1024.webp 320w, https:\/\/sitekit.site\/wp-content\/uploads\/2025\/04\/h3-services-shape-bg-1_lwsoptimized-94x300.webp 94w, https:\/\/sitekit.site\/wp-content\/uploads\/2025\/04\/h3-services-shape-bg-1_lwsoptimized.webp 438w\" sizes=\"(max-width: 320px) 100vw, 320px\" >\t\t\t\t\t\t\t\t\t\t\t\t\t\t\t<\/div>\n\t\t\t\t\t<\/div>\n\t\t\t\t<\/div>\n\t\t<div class=\"elementor-element elementor-element-6c1b504 e-con-full e-flex e-con e-parent\" data-id=\"6c1b504\" data-element_type=\"container\" data-settings=\"{&quot;background_background&quot;:&quot;classic&quot;}\">\n\t\t\t\t<div class=\"elementor-element elementor-element-cfaa569 elementor-widget elementor-widget-renev_project\" data-id=\"cfaa569\" data-element_type=\"widget\" data-widget_type=\"renev_project.default\">\n\t\t\t\t<div class=\"elementor-widget-container\">\n\t\t\t\t\t            <div class=\"portfolio1-section-area sp6\">\r\n    <div class=\"container\">\r\n        <div class=\"row\">\r\n            <div class=\"col-lg-7\">\r\n                <div class=\"portfolio-header heading1\">\r\n                                            <h5>\r\n                            <img type=\"image\/webp\"  alt=\"\" class=\"lws-optimize-lazyload\" data-src=\"https:\/\/sitekit.site\/wp-content\/uploads\/2025\/04\/icon_color_trans.png\">\r\n                             Mes derniers Projets                        <\/h5>\r\n                                                                <h2 class=\"text-anime-style-3\">\r\n                            Ce Que J\u2019ai R\u00e9alis\u00e9 pour Mes Clients                        <\/h2>\r\n                                    <\/div>\r\n            <\/div>\r\n        <\/div>\r\n        <div class=\"row\">\r\n            <div class=\"col-lg-12\">\r\n                <div class=\"portfolio-slider-area owl-carousel\">\r\n                                    <\/div>\r\n            <\/div>\r\n        <\/div>\r\n    <\/div>\r\n<\/div>            \r\n        \t\t\t\t<\/div>\n\t\t\t\t<\/div>\n\t\t\t\t<\/div>\n\t\t\t\t<\/div>","protected":false},"excerpt":{"rendered":"<p>SEO local Site vitrine medecins cliniques avocats architectes prise de rdv caf\u00e9s restaurants artisans landing page version mobile E-commerce Website Design Responsive Mes services Des solutions cr\u00e9ativesadapt\u00e9es \u00e0 votre projet E-Commerce &#038; Boutique en Ligne Cr\u00e9ation de site e-commerce sur mesure, rapide et s\u00e9curis\u00e9. Paiement en ligne, gestion de stock et version mobile pour vendre&#8230;<\/p>","protected":false},"author":1,"featured_media":0,"parent":0,"menu_order":0,"comment_status":"closed","ping_status":"closed","template":"elementor_header_footer","meta":{"footnotes":""},"class_list":["post-56","page","type-page","status-publish","hentry"],"jetpack_sharing_enabled":true,"_links":{"self":[{"href":"https:\/\/sitekit.site\/ar\/wp-json\/wp\/v2\/pages\/56","targetHints":{"allow":["GET"]}}],"collection":[{"href":"https:\/\/sitekit.site\/ar\/wp-json\/wp\/v2\/pages"}],"about":[{"href":"https:\/\/sitekit.site\/ar\/wp-json\/wp\/v2\/types\/page"}],"author":[{"embeddable":true,"href":"https:\/\/sitekit.site\/ar\/wp-json\/wp\/v2\/users\/1"}],"replies":[{"embeddable":true,"href":"https:\/\/sitekit.site\/ar\/wp-json\/wp\/v2\/comments?post=56"}],"version-history":[{"count":0,"href":"https:\/\/sitekit.site\/ar\/wp-json\/wp\/v2\/pages\/56\/revisions"}],"wp:attachment":[{"href":"https:\/\/sitekit.site\/ar\/wp-json\/wp\/v2\/media?parent=56"}],"curies":[{"name":"wp","href":"https:\/\/api.w.org\/{rel}","templated":true}]}}